{"id":942,"date":"2024-07-27T17:20:22","date_gmt":"2024-07-27T15:20:22","guid":{"rendered":"https:\/\/crossfitsantquirze.com\/classes-2\/"},"modified":"2024-07-28T14:17:36","modified_gmt":"2024-07-28T12:17:36","slug":"horaris","status":"publish","type":"page","link":"https:\/\/crossfitsantquirze.com\/es\/horaris\/","title":{"rendered":"Horarios"},"content":{"rendered":"<div data-elementor-type=\"wp-page\" data-elementor-id=\"942\" class=\"elementor elementor-942\" data-elementor-post-type=\"page\">\n\t\t\t\t<div class=\"elementor-element elementor-element-3b77edd e-flex e-con-boxed e-con e-parent\" data-id=\"3b77edd\" data-element_type=\"container\" data-e-type=\"container\">\n\t\t\t\t\t<div class=\"e-con-inner\">\n\t\t<div class=\"elementor-element elementor-element-2646004 e-con-full e-flex e-con e-child\" data-id=\"2646004\" data-element_type=\"container\" data-e-type=\"container\">\n\t\t\t\t<div class=\"elementor-element elementor-element-a865156 elementor-widget elementor-widget-text-editor\" data-id=\"a865156\" data-element_type=\"widget\" data-e-type=\"widget\" data-widget_type=\"text-editor.default\">\n\t\t\t\t<div class=\"elementor-widget-container\">\n\t\t\t\t\t\t\t\t\t<p>Horarios<\/p>\t\t\t\t\t\t\t\t<\/div>\n\t\t\t\t<\/div>\n\t\t\t\t<div class=\"elementor-element elementor-element-c960928 elementor-widget-divider--view-line elementor-widget elementor-widget-divider\" data-id=\"c960928\" data-element_type=\"widget\" data-e-type=\"widget\" data-widget_type=\"divider.default\">\n\t\t\t\t<div class=\"elementor-widget-container\">\n\t\t\t\t\t\t\t<div class=\"elementor-divider\">\n\t\t\t<span class=\"elementor-divider-separator\">\n\t\t\t\t\t\t<\/span>\n\t\t<\/div>\n\t\t\t\t\t\t<\/div>\n\t\t\t\t<\/div>\n\t\t\t\t<\/div>\n\t\t<div class=\"elementor-element elementor-element-0aca46d e-con-full e-flex e-con e-child\" data-id=\"0aca46d\" data-element_type=\"container\" data-e-type=\"container\">\n\t\t\t\t<div class=\"elementor-element elementor-element-3b422ff elementor-widget elementor-widget-heading\" data-id=\"3b422ff\" data-element_type=\"widget\" data-e-type=\"widget\" data-widget_type=\"heading.default\">\n\t\t\t\t<div class=\"elementor-widget-container\">\n\t\t\t\t\t<h1 class=\"elementor-heading-title elementor-size-default\">Classes dissenyades per a tu<\/h1>\t\t\t\t<\/div>\n\t\t\t\t<\/div>\n\t\t\t\t<\/div>\n\t\t\t\t\t<\/div>\n\t\t\t\t<\/div>\n\t\t<div class=\"elementor-element elementor-element-800b65f e-con-full e-flex e-con e-parent\" data-id=\"800b65f\" data-element_type=\"container\" data-e-type=\"container\">\n\t\t\t\t<div class=\"elementor-element elementor-element-e899047 elementor-widget elementor-widget-html\" data-id=\"e899047\" data-element_type=\"widget\" data-e-type=\"widget\" data-widget_type=\"html.default\">\n\t\t\t\t<div class=\"elementor-widget-container\">\n\t\t\t\t\t<iframe src=\"https:\/\/crossfitsqv.aimharder.com\/timetable?noMenus\" width=\"1200\" height=\"1200\" scrolling=\"yes\"><\/iframe>\t\t\t\t<\/div>\n\t\t\t\t<\/div>\n\t\t\t\t<\/div>\n\t\t<div class=\"elementor-element elementor-element-73b95f4 e-flex e-con-boxed e-con e-parent\" data-id=\"73b95f4\" data-element_type=\"container\" data-e-type=\"container\">\n\t\t\t\t\t<div class=\"e-con-inner\">\n\t\t<div class=\"elementor-element elementor-element-c0ffdc2 e-con-full e-flex e-con e-child\" data-id=\"c0ffdc2\" data-element_type=\"container\" data-e-type=\"container\">\n\t\t\t\t<div class=\"elementor-element elementor-element-5eef55d elementor-widget elementor-widget-text-editor\" data-id=\"5eef55d\" data-element_type=\"widget\" data-e-type=\"widget\" data-widget_type=\"text-editor.default\">\n\t\t\t\t<div class=\"elementor-widget-container\">\n\t\t\t\t\t\t\t\t\t<p>Est\u00e0s llest per a fer el seg\u00fcent pas cap a una nova versi\u00f3 de tu mateix?<\/p>\t\t\t\t\t\t\t\t<\/div>\n\t\t\t\t<\/div>\n\t\t\t\t<div class=\"elementor-element elementor-element-a052f27 elementor-widget-divider--view-line elementor-widget elementor-widget-divider\" data-id=\"a052f27\" data-element_type=\"widget\" data-e-type=\"widget\" data-widget_type=\"divider.default\">\n\t\t\t\t<div class=\"elementor-widget-container\">\n\t\t\t\t\t\t\t<div class=\"elementor-divider\">\n\t\t\t<span class=\"elementor-divider-separator\">\n\t\t\t\t\t\t<\/span>\n\t\t<\/div>\n\t\t\t\t\t\t<\/div>\n\t\t\t\t<\/div>\n\t\t\t\t<\/div>\n\t\t<div class=\"elementor-element elementor-element-4c70c96 e-con-full e-flex e-con e-child\" data-id=\"4c70c96\" data-element_type=\"container\" data-e-type=\"container\">\n\t\t\t\t<div class=\"elementor-element elementor-element-022737d elementor-widget elementor-widget-heading\" data-id=\"022737d\" data-element_type=\"widget\" data-e-type=\"widget\" data-widget_type=\"heading.default\">\n\t\t\t\t<div class=\"elementor-widget-container\">\n\t\t\t\t\t<h2 class=\"elementor-heading-title elementor-size-default\">Reserva la teva classe de prova ara! <\/h2>\t\t\t\t<\/div>\n\t\t\t\t<\/div>\n\t\t\t\t<div class=\"elementor-element elementor-element-1d9a30a elementor-widget elementor-widget-button\" data-id=\"1d9a30a\" data-element_type=\"widget\" data-e-type=\"widget\" data-widget_type=\"button.default\">\n\t\t\t\t<div class=\"elementor-widget-container\">\n\t\t\t\t\t\t\t\t\t<div class=\"elementor-button-wrapper\">\n\t\t\t\t\t<a class=\"elementor-button elementor-button-link elementor-size-sm\" href=\"https:\/\/crossfitsantquirze.com\/es\/contacte\/\">\n\t\t\t\t\t\t<span class=\"elementor-button-content-wrapper\">\n\t\t\t\t\t\t\t\t\t<span class=\"elementor-button-text\">CONTACTAR<\/span>\n\t\t\t\t\t<\/span>\n\t\t\t\t\t<\/a>\n\t\t\t\t<\/div>\n\t\t\t\t\t\t\t\t<\/div>\n\t\t\t\t<\/div>\n\t\t\t\t<\/div>\n\t\t\t\t\t<\/div>\n\t\t\t\t<\/div>\n\t\t\t\t<\/div>","protected":false},"excerpt":{"rendered":"<p>Horaris Classes dissenyades per a tu Est\u00e0s llest per a fer el seg\u00fcent pas cap a una nova versi\u00f3 de [&hellip;]<\/p>\n","protected":false},"author":1,"featured_media":0,"parent":0,"menu_order":0,"comment_status":"closed","ping_status":"closed","template":"","meta":{"_monsterinsights_skip_tracking":false,"_monsterinsights_sitenote_active":false,"_monsterinsights_sitenote_note":"","_monsterinsights_sitenote_category":0,"site-sidebar-layout":"no-sidebar","site-content-layout":"","ast-site-content-layout":"full-width-container","site-content-style":"default","site-sidebar-style":"default","ast-global-header-display":"","ast-banner-title-visibility":"","ast-main-header-display":"","ast-hfb-above-header-display":"","ast-hfb-below-header-display":"","ast-hfb-mobile-header-display":"","site-post-title":"disabled","ast-breadcrumbs-content":"","ast-featured-img":"disabled","footer-sml-layout":"","ast-disable-related-posts":"","theme-transparent-header-meta":"enabled","adv-header-id-meta":"","stick-header-meta":"","header-above-stick-meta":"","header-main-stick-meta":"","header-below-stick-meta":"","astra-migrate-meta-layouts":"default","ast-page-background-enabled":"default","ast-page-background-meta":{"desktop":{"background-color":"var(--ast-global-color-5)","background-image":"","background-repeat":"repeat","background-position":"center center","background-size":"auto","background-attachment":"scroll","background-type":"","background-media":"","overlay-type":"","overlay-color":"","overlay-opacity":"","overlay-gradient":""},"tablet":{"background-color":"","background-image":"","background-repeat":"repeat","background-position":"center center","background-size":"auto","background-attachment":"scroll","background-type":"","background-media":"","overlay-type":"","overlay-color":"","overlay-opacity":"","overlay-gradient":""},"mobile":{"background-color":"","background-image":"","background-repeat":"repeat","background-position":"center center","background-size":"auto","background-attachment":"scroll","background-type":"","background-media":"","overlay-type":"","overlay-color":"","overlay-opacity":"","overlay-gradient":""}},"ast-content-background-meta":{"desktop":{"background-color":"var(--ast-global-color-4)","background-image":"","background-repeat":"repeat","background-position":"center center","background-size":"auto","background-attachment":"scroll","background-type":"","background-media":"","overlay-type":"","overlay-color":"","overlay-opacity":"","overlay-gradient":""},"tablet":{"background-color":"var(--ast-global-color-4)","background-image":"","background-repeat":"repeat","background-position":"center center","background-size":"auto","background-attachment":"scroll","background-type":"","background-media":"","overlay-type":"","overlay-color":"","overlay-opacity":"","overlay-gradient":""},"mobile":{"background-color":"var(--ast-global-color-4)","background-image":"","background-repeat":"repeat","background-position":"center center","background-size":"auto","background-attachment":"scroll","background-type":"","background-media":"","overlay-type":"","overlay-color":"","overlay-opacity":"","overlay-gradient":""}},"footnotes":""},"class_list":["post-942","page","type-page","status-publish","hentry"],"yoast_head":"<!-- This site is optimized with the Yoast SEO plugin v27.5 - https:\/\/yoast.com\/product\/yoast-seo-wordpress\/ -->\n<title>Horaris - CrossFit Sant Quirze del Vall\u00e8s<\/title>\n<meta name=\"robots\" content=\"index, follow, max-snippet:-1, max-image-preview:large, max-video-preview:-1\" \/>\n<link rel=\"canonical\" href=\"https:\/\/crossfitsantquirze.com\/es\/horaris\/\" \/>\n<meta property=\"og:locale\" content=\"es_ES\" \/>\n<meta property=\"og:type\" content=\"article\" \/>\n<meta property=\"og:title\" content=\"Horaris - CrossFit Sant Quirze del Vall\u00e8s\" \/>\n<meta property=\"og:description\" content=\"Horaris Classes dissenyades per a tu Est\u00e0s llest per a fer el seg\u00fcent pas cap a una nova versi\u00f3 de [&hellip;]\" \/>\n<meta property=\"og:url\" content=\"https:\/\/crossfitsantquirze.com\/es\/horaris\/\" \/>\n<meta property=\"og:site_name\" content=\"CrossFit Sant Quirze del Vall\u00e8s\" \/>\n<meta property=\"article:modified_time\" content=\"2024-07-28T12:17:36+00:00\" \/>\n<meta name=\"twitter:card\" content=\"summary_large_image\" \/>\n<meta name=\"twitter:label1\" content=\"Tiempo de lectura\" \/>\n\t<meta name=\"twitter:data1\" content=\"1 minuto\" \/>\n<script type=\"application\/ld+json\" class=\"yoast-schema-graph\">{\"@context\":\"https:\\\/\\\/schema.org\",\"@graph\":[{\"@type\":\"WebPage\",\"@id\":\"https:\\\/\\\/crossfitsantquirze.com\\\/horaris\\\/\",\"url\":\"https:\\\/\\\/crossfitsantquirze.com\\\/horaris\\\/\",\"name\":\"Horaris - CrossFit Sant Quirze del Vall\u00e8s\",\"isPartOf\":{\"@id\":\"https:\\\/\\\/crossfitsantquirze.com\\\/#website\"},\"datePublished\":\"2024-07-27T15:20:22+00:00\",\"dateModified\":\"2024-07-28T12:17:36+00:00\",\"breadcrumb\":{\"@id\":\"https:\\\/\\\/crossfitsantquirze.com\\\/horaris\\\/#breadcrumb\"},\"inLanguage\":\"es\",\"potentialAction\":[{\"@type\":\"ReadAction\",\"target\":[\"https:\\\/\\\/crossfitsantquirze.com\\\/horaris\\\/\"]}]},{\"@type\":\"BreadcrumbList\",\"@id\":\"https:\\\/\\\/crossfitsantquirze.com\\\/horaris\\\/#breadcrumb\",\"itemListElement\":[{\"@type\":\"ListItem\",\"position\":1,\"name\":\"Portada\",\"item\":\"https:\\\/\\\/crossfitsantquirze.com\\\/\"},{\"@type\":\"ListItem\",\"position\":2,\"name\":\"Horaris\"}]},{\"@type\":\"WebSite\",\"@id\":\"https:\\\/\\\/crossfitsantquirze.com\\\/#website\",\"url\":\"https:\\\/\\\/crossfitsantquirze.com\\\/\",\"name\":\"CrossFit Sant Quirze del Vall\u00e8s\",\"description\":\"\",\"publisher\":{\"@id\":\"https:\\\/\\\/crossfitsantquirze.com\\\/#organization\"},\"potentialAction\":[{\"@type\":\"SearchAction\",\"target\":{\"@type\":\"EntryPoint\",\"urlTemplate\":\"https:\\\/\\\/crossfitsantquirze.com\\\/?s={search_term_string}\"},\"query-input\":{\"@type\":\"PropertyValueSpecification\",\"valueRequired\":true,\"valueName\":\"search_term_string\"}}],\"inLanguage\":\"es\"},{\"@type\":\"Organization\",\"@id\":\"https:\\\/\\\/crossfitsantquirze.com\\\/#organization\",\"name\":\"CrossFit Sant Quirze del Vall\u00e8s\",\"url\":\"https:\\\/\\\/crossfitsantquirze.com\\\/\",\"logo\":{\"@type\":\"ImageObject\",\"inLanguage\":\"es\",\"@id\":\"https:\\\/\\\/crossfitsantquirze.com\\\/#\\\/schema\\\/logo\\\/image\\\/\",\"url\":\"https:\\\/\\\/crossfitsantquirze.com\\\/wp-content\\\/uploads\\\/2024\\\/07\\\/logo-crossfit-santquirze-scaled.png\",\"contentUrl\":\"https:\\\/\\\/crossfitsantquirze.com\\\/wp-content\\\/uploads\\\/2024\\\/07\\\/logo-crossfit-santquirze-scaled.png\",\"width\":2560,\"height\":633,\"caption\":\"CrossFit Sant Quirze del Vall\u00e8s\"},\"image\":{\"@id\":\"https:\\\/\\\/crossfitsantquirze.com\\\/#\\\/schema\\\/logo\\\/image\\\/\"}}]}<\/script>\n<!-- \/ Yoast SEO plugin. -->","yoast_head_json":{"title":"Horaris - CrossFit Sant Quirze del Vall\u00e8s","robots":{"index":"index","follow":"follow","max-snippet":"max-snippet:-1","max-image-preview":"max-image-preview:large","max-video-preview":"max-video-preview:-1"},"canonical":"https:\/\/crossfitsantquirze.com\/es\/horaris\/","og_locale":"es_ES","og_type":"article","og_title":"Horaris - CrossFit Sant Quirze del Vall\u00e8s","og_description":"Horaris Classes dissenyades per a tu Est\u00e0s llest per a fer el seg\u00fcent pas cap a una nova versi\u00f3 de [&hellip;]","og_url":"https:\/\/crossfitsantquirze.com\/es\/horaris\/","og_site_name":"CrossFit Sant Quirze del Vall\u00e8s","article_modified_time":"2024-07-28T12:17:36+00:00","twitter_card":"summary_large_image","twitter_misc":{"Tiempo de lectura":"1 minuto"},"schema":{"@context":"https:\/\/schema.org","@graph":[{"@type":"WebPage","@id":"https:\/\/crossfitsantquirze.com\/horaris\/","url":"https:\/\/crossfitsantquirze.com\/horaris\/","name":"Horaris - CrossFit Sant Quirze del Vall\u00e8s","isPartOf":{"@id":"https:\/\/crossfitsantquirze.com\/#website"},"datePublished":"2024-07-27T15:20:22+00:00","dateModified":"2024-07-28T12:17:36+00:00","breadcrumb":{"@id":"https:\/\/crossfitsantquirze.com\/horaris\/#breadcrumb"},"inLanguage":"es","potentialAction":[{"@type":"ReadAction","target":["https:\/\/crossfitsantquirze.com\/horaris\/"]}]},{"@type":"BreadcrumbList","@id":"https:\/\/crossfitsantquirze.com\/horaris\/#breadcrumb","itemListElement":[{"@type":"ListItem","position":1,"name":"Portada","item":"https:\/\/crossfitsantquirze.com\/"},{"@type":"ListItem","position":2,"name":"Horaris"}]},{"@type":"WebSite","@id":"https:\/\/crossfitsantquirze.com\/#website","url":"https:\/\/crossfitsantquirze.com\/","name":"CrossFit Sant Quirze del Vall\u00e8s","description":"","publisher":{"@id":"https:\/\/crossfitsantquirze.com\/#organization"},"potentialAction":[{"@type":"SearchAction","target":{"@type":"EntryPoint","urlTemplate":"https:\/\/crossfitsantquirze.com\/?s={search_term_string}"},"query-input":{"@type":"PropertyValueSpecification","valueRequired":true,"valueName":"search_term_string"}}],"inLanguage":"es"},{"@type":"Organization","@id":"https:\/\/crossfitsantquirze.com\/#organization","name":"CrossFit Sant Quirze del Vall\u00e8s","url":"https:\/\/crossfitsantquirze.com\/","logo":{"@type":"ImageObject","inLanguage":"es","@id":"https:\/\/crossfitsantquirze.com\/#\/schema\/logo\/image\/","url":"https:\/\/crossfitsantquirze.com\/wp-content\/uploads\/2024\/07\/logo-crossfit-santquirze-scaled.png","contentUrl":"https:\/\/crossfitsantquirze.com\/wp-content\/uploads\/2024\/07\/logo-crossfit-santquirze-scaled.png","width":2560,"height":633,"caption":"CrossFit Sant Quirze del Vall\u00e8s"},"image":{"@id":"https:\/\/crossfitsantquirze.com\/#\/schema\/logo\/image\/"}}]}},"_links":{"self":[{"href":"https:\/\/crossfitsantquirze.com\/es\/wp-json\/wp\/v2\/pages\/942","targetHints":{"allow":["GET"]}}],"collection":[{"href":"https:\/\/crossfitsantquirze.com\/es\/wp-json\/wp\/v2\/pages"}],"about":[{"href":"https:\/\/crossfitsantquirze.com\/es\/wp-json\/wp\/v2\/types\/page"}],"author":[{"embeddable":true,"href":"https:\/\/crossfitsantquirze.com\/es\/wp-json\/wp\/v2\/users\/1"}],"replies":[{"embeddable":true,"href":"https:\/\/crossfitsantquirze.com\/es\/wp-json\/wp\/v2\/comments?post=942"}],"version-history":[{"count":19,"href":"https:\/\/crossfitsantquirze.com\/es\/wp-json\/wp\/v2\/pages\/942\/revisions"}],"predecessor-version":[{"id":1258,"href":"https:\/\/crossfitsantquirze.com\/es\/wp-json\/wp\/v2\/pages\/942\/revisions\/1258"}],"wp:attachment":[{"href":"https:\/\/crossfitsantquirze.com\/es\/wp-json\/wp\/v2\/media?parent=942"}],"curies":[{"name":"wp","href":"https:\/\/api.w.org\/{rel}","templated":true}]}}